{"id":58868,"date":"2014-01-01T00:01:48","date_gmt":"2013-12-31T22:01:48","guid":{"rendered":"http:\/\/iliaspapageorgiadis.ro\/nou\/?page_id=58868"},"modified":"2015-01-26T22:16:29","modified_gmt":"2015-01-26T20:16:29","slug":"about-me-my-books-page","status":"publish","type":"page","link":"http:\/\/www.iliaspapageorgiadis.ro\/english\/about-me-my-books-page\/","title":{"rendered":"About me \/ My books"},"content":{"rendered":"<p>\n\tM-am nascut in Katerini, Grecia, 3 august 1975. Pana in anul 2003, am avut o cariera interesanta in tara mea, avand cateva momente de succes pe plan local si chiar national. Dar asta nu era de ajuns pentru mine. Imi doream mai mult!\n<\/p>\n<p>\n\tInainte de a ajunge aici, credeam ca stiu multe. Am realizat ca erau inca si mai multe de invatat. Pe cei care m-au ajutat sa progresez ii pot imparti in trei categorii: romanii seriosi, care m-au ghidat pentru a evita &quot;obstacolele&quot;, strainii seriosi, care mi-au impartasit perspectiva internationala asupra afacerilor si tehnicile care aduc succes si clientii mei, in general, cei care mi-au aratat ce reprezinta, cu adevarat, imobiliarele. Romania m-a schimbat ca persoana. Nu mi-a schimbat valorile si principiile &#8211; acestea raman neschimbate &#8211; ci doar perceptia asupra vietii, abordarea personala a oricarui tip de problema, intrebarile si grijile pe care le avem cu totii.\n<\/p>\n<p>\n\tAm creat acest blog pentru&nbsp;a ma exprima, deoarece nu puteam gasi &ldquo;usi deschise&rdquo; catre presa de la aceea vreme. Totul a inceput ca o gluma, insa, astazi, a devenit parte a activitatii mele zilnice. Cativa dintre prietenii mei romani sunt deranjati de analizele sau povestile mele (100% reale). &quot;Te afli aici si vorbesti rau despre tara care te-a primit cu bucurie&quot;. In afara faptului ca eu consider adevarul ca fiind cea mai buna &ldquo;arma&rdquo; pentru a ne rezolva problemele, trebuie sa va impartasesc ceva: vad potentialul urias al Romaniei si am mari asteptari de la aceasta tara, de la poporul ei. Din aceasta cauza sunt atat de onest. Doar atunci cand iti pasa de cineva, incerci sa-l perfectionezi.Daca nu-ti pasa,, pur-si-simplu, ramai tacut, iei ce vrei si pleci in liniste. Nu este cazul meu&#8230;\n<\/p>\n<p>\n\tDin sutele de mesaje pe care le-am primit, am realizat ca multi romani sau straini au considerat cuvintele mele, analizele, povestile si sfaturile mele ca fiind folositoare. As fi fericit sa aflu ca acest blog este important pentru persoanele care doresc sa investeasca in Romania.\n<\/p>\n<p>\n\tVa multumesc ca ati devenit parte a comunitatii mele de prieteni. Voi astepta cu nerabdare parerile voastre despre tot ceea ce este scris aici.\n<\/p>\n<p>\n\tCe e mai bun, urmeaza!\n<\/p>\n<p>\n\t<strong>Ilias<\/strong>\n<\/p>\n<hr \/>\n<table align=\"center\" border=\"0\" cellpadding=\"1\" cellspacing=\"1\" style=\"width: 940px; \">\n<tbody>\n<tr>\n<td style=\"text-align: justify;\" width=\"170\">\n\t\t\t\t<img alt=\"\" class=\"alignnone size-full wp-image-6680\" src=\"http:\/\/iliaspapageorgiadis.ro\/wp-content\/uploads\/2011\/07\/coperta_3d_100_mici_secrete.jpg\" title=\"100 mici secrete\" width=\"170\" \/>\n\t\t\t<\/td>\n<td style=\"vertical-align: top;\" width=\"265\">\n<p style=\"text-align: center; \">\n\t\t\t\t\t<span style=\"font-size:16px;\"><strong><span style=\"color:#ff0000;\">100 mici secrete<\/span><\/strong><\/span><br \/>\n\t\t\t\t\t<strong><em><span style=\"font-size:14px;\">pentru afaceri imobiliare de succes<\/span><\/em><\/strong>\n\t\t\t\t<\/p>\n<blockquote style=\"text-align: justify; \">\n<p>\n\t\t\t\t\t\t<em><span style=\"font-size:14px;\">&bdquo;<\/span><\/em><em><span style=\"font-size:14px;\">Citind aceast\u0103 carte, am aflat r\u0103spunsurile pe care le tot c\u0103utam (dar pe care, mult timp, am evitat s\u0103 le aflu). Analizele practice ale rutinatului expert imobiliar Ilias Papageorgiadis, bazate pe experien\u021ba acumulat\u0103 din 2004 &icirc;ncoace &#8211; chiar &icirc;n Rom&acirc;nia! &#8211; la c&acirc;rma agen\u021biei de imobiliare MORE, mi-au d\u0103r&acirc;mat, r&acirc;nd pe r&acirc;nd, toate miturile fabricate &icirc;n ultimul deceniu &icirc;n ceea ce prive\u0219te decizia de cump\u0103rare a unei locuin\u021be.<\/span><\/em><em><span style=\"font-size:14px;\">&rdquo;<\/span><\/em>\n\t\t\t\t\t<\/p>\n<p style=\"text-align: right; \">\n\t\t\t\t\t\t<strong><em>Dan-Silviu Boerescu<\/em><\/strong>\n\t\t\t\t\t<\/p>\n<\/blockquote>\n<p>\n\t\t\t\t\t&nbsp;\n\t\t\t\t<\/p>\n<p style=\"text-align: center; \">\n\t\t\t\t\t<strong><span style=\"font-size:16px;\"><span style=\"color:#ffffff;\"><span style=\"background-color:#ff0000;\">Pre\u021b: 35 Lei<\/span><\/span><\/span><\/strong>\n\t\t\t\t<\/p>\n<p style=\"text-align: center; \">\n\t\t\t\t\t<a href=\"http:\/\/www.elefant.ro\/carti\/business-economie\/imobiliare\/iii-mici-secrete-pentru-investitii-imobiliare-de-succes-170985.html\" target=\"_blank\"><span style=\"color:#ff0000;\"><span style=\"font-size:16px;\">Cump\u0103ra\u021bi acum!<\/span><\/span><\/a>\n\t\t\t\t<\/p>\n<\/td>\n<td style=\"widht:3px;\">\n\t\t\t\t&nbsp;\n\t\t\t<\/td>\n<td style=\"text-align: center;\" width=\"170\">\n\t\t\t\t<img alt=\"\" class=\"alignnone size-full wp-image-6681\" src=\"http:\/\/iliaspapageorgiadis.ro\/wp-content\/uploads\/2011\/07\/coperta_3d_prin_labirintul_imobiliarelor.jpg\" title=\"Prin labirintul imobiliarelor\" width=\"170\" \/>\n\t\t\t<\/td>\n<td style=\"vertical-align: top;\" width=\"265\">\n<p style=\"text-align: center; \">\n\t\t\t\t\t<span style=\"font-size:16px;\"><strong><span style=\"color: rgb(255, 0, 0); \">Prin labirintul imobiliarelor<\/span><\/strong><\/span><br \/>\n\t\t\t\t\t<strong><em><span style=\"font-size: 14px; \">&#8230;\u0219i alte &icirc;nt&acirc;mpl\u0103ri adev\u0103rate<\/span><\/em><\/strong>\n\t\t\t\t<\/p>\n<blockquote style=\"text-align: justify; \">\n<p>\n\t\t\t\t\t\t<em><span style=\"font-size: 14px; \">&bdquo;<\/span><\/em><em><span style=\"font-size: 14px; \">Transparen\u0163\u0103. Acesta este &nbsp;cuv&acirc;ntul-cheie al c\u0103r\u0163ii. El se g\u0103se\u015fte sub fiecare r&acirc;nd scris de autor. Chiar dac\u0103 ve\u0163i z&acirc;mbi deseori citind pove\u015ftile lui Ilias, gustul final e amar. Pentru c\u0103 acest volum e o radiografie dur\u0103 a unei pie\u0163e imature, unde lipsa de transparen\u0163\u0103 \u015fi de cultur\u0103 economic\u0103 a ridicat milionari analfabe\u0163i \u015fi a dus la faliment personal tineri &icirc;mb\u0103ta\u0163i de pro-priul succes vremelnic.<\/span><\/em><em><span style=\"font-size: 14px; \">&rdquo;<\/span><\/em>\n\t\t\t\t\t<\/p>\n<p style=\"text-align: right; \">\n\t\t\t\t\t\t<strong><em>Cristian Pantazi<\/em><\/strong>\n\t\t\t\t\t<\/p>\n<\/blockquote>\n<p>\n\t\t\t\t\t&nbsp;\n\t\t\t\t<\/p>\n<p style=\"text-align: center; \">\n\t\t\t\t\t<strong><span style=\"font-size: 16px; \"><span style=\"color: rgb(255, 255, 255); \"><span style=\"background-color: rgb(255, 0, 0); \">Pre\u021b: 45 Lei<\/span><\/span><\/span><\/strong>\n\t\t\t\t<\/p>\n<p style=\"text-align: center; \">\n\t\t\t\t\t<a href=\"http:\/\/www.elefant.ro\/carti\/business-economie\/imobiliare\/prin-labirintul-imobiliarelor-si-alte-intamplari-adevarate-170984.html\" target=\"_blank\"><span style=\"color:#ff0000;\"><span style=\"font-size: 16px; \">Cump\u0103ra\u021bi acum!<\/span><\/span><\/a>\n\t\t\t\t<\/p>\n<\/td>\n<\/tr>\n<\/tbody>\n<\/table>\n<h2 class=\"sc_title_underline\" style=\"margin-top:30px;\">Newest articles<\/h2>\n<div class=\"sc_blogger sc_blogger_horizontal style_regular sc_columns sc_columns_count_3\"><div class=\"sc_blogger_item sc_column_item sc_column_item_1 odd first\">\n\t\t\t<h4 class=\"sc_blogger_title sc_title\"><a href=\"http:\/\/www.iliaspapageorgiadis.ro\/english\/2015\/11\/20\/colectiv-changes-part-of-the-real-estate-market\/\">#Colectiv changes part of the Real Estate market<\/a><\/h4><div class=\"sc_blogger_content\">&#8211; &ldquo;The politicians are thieves! The Parliament&hellip; the parties&hellip; Iohannis&hellip; I want them all replaced!&rdquo; &#8211; &ldquo;What happened? You usually don&rsquo;t care about politics. Is it the &ldquo;Colectiv&rdquo; case that made you upset?&rdquo; &#8211; &ldquo;I will&nbsp;<a href=\"http:\/\/www.iliaspapageorgiadis.ro\/english\/2015\/11\/20\/colectiv-changes-part-of-the-real-estate-market\/\" class=\"readmore\">  [more]<\/a><\/div><\/div><div class=\"sc_blogger_item sc_column_item sc_column_item_2 even\">\n\t\t\t<h4 class=\"sc_blogger_title sc_title\"><a href=\"http:\/\/www.iliaspapageorgiadis.ro\/english\/2015\/11\/13\/life-lessons-3-how-much-does-your-name-cost\/\">Life lessons, 3: How much does your name cost?<\/a><\/h4><div class=\"sc_blogger_content\">&#8211; &ldquo;For the others, Easter had finished, but for us, the route to Golgotha was just about to start&hellip; On Tuesday evening I was back&hellip; we gathered in the kitchen for dinner&hellip; your grandmother had prepared everyone&rsquo;s favorite food and a carefully ironed white&nbsp;<a href=\"http:\/\/www.iliaspapageorgiadis.ro\/english\/2015\/11\/13\/life-lessons-3-how-much-does-your-name-cost\/\" class=\"readmore\">  [more]<\/a><\/div><\/div><div class=\"sc_blogger_item sc_column_item sc_column_item_3 odd\">\n\t\t\t<h4 class=\"sc_blogger_title sc_title\"><a href=\"http:\/\/www.iliaspapageorgiadis.ro\/english\/2015\/11\/06\/relax-romania-will-not-collapse-dont-confuse-a-country-with-its-politicians\/\">Relax, Romania will not collapse.  Don\u2019t confuse a country with its politicians<\/a><\/h4><div class=\"sc_blogger_content\">&#8211; &ldquo;Everything has frozen, all the investors told me to stop and wait to see what is going to happen&rdquo; &#8211; &ldquo;It is absolutely normal, we need to wait for a few days, to see where we are heading to&hellip;&rdquo; &#8211; &ldquo;No, no, some of them say that they will cancel&nbsp;<a href=\"http:\/\/www.iliaspapageorgiadis.ro\/english\/2015\/11\/06\/relax-romania-will-not-collapse-dont-confuse-a-country-with-its-politicians\/\" class=\"readmore\">  [more]<\/a><\/div><\/div><\/div>\n","protected":false},"excerpt":{"rendered":"<p>M-am nascut in Katerini, Grecia, 3 august 1975. Pana in anul 2003, am avut o cariera interesanta in tara mea, avand cateva momente de succes pe plan local si chiar national. Dar asta nu era de ajuns pentru mine. Imi doream mai mult! Inainte de a ajunge aici, credeam ca stiu multe. Am realizat ca [&hellip;]<\/p>\n","protected":false},"author":3,"featured_media":59454,"parent":0,"menu_order":0,"comment_status":"closed","ping_status":"closed","template":"","meta":[],"_links":{"self":[{"href":"http:\/\/www.iliaspapageorgiadis.ro\/english\/wp-json\/wp\/v2\/pages\/58868"}],"collection":[{"href":"http:\/\/www.iliaspapageorgiadis.ro\/english\/wp-json\/wp\/v2\/pages"}],"about":[{"href":"http:\/\/www.iliaspapageorgiadis.ro\/english\/wp-json\/wp\/v2\/types\/page"}],"author":[{"embeddable":true,"href":"http:\/\/www.iliaspapageorgiadis.ro\/english\/wp-json\/wp\/v2\/users\/3"}],"replies":[{"embeddable":true,"href":"http:\/\/www.iliaspapageorgiadis.ro\/english\/wp-json\/wp\/v2\/comments?post=58868"}],"version-history":[{"count":0,"href":"http:\/\/www.iliaspapageorgiadis.ro\/english\/wp-json\/wp\/v2\/pages\/58868\/revisions"}],"wp:featuredmedia":[{"embeddable":true,"href":"http:\/\/www.iliaspapageorgiadis.ro\/english\/wp-json\/wp\/v2\/media\/59454"}],"wp:attachment":[{"href":"http:\/\/www.iliaspapageorgiadis.ro\/english\/wp-json\/wp\/v2\/media?parent=58868"}],"curies":[{"name":"wp","href":"https:\/\/api.w.org\/{rel}","templated":true}]}}